{"id":7,"date":"2022-04-12T20:00:41","date_gmt":"2022-04-12T18:00:41","guid":{"rendered":"https:\/\/psp.pozytywneinicjatywy.pl\/bip\/?page_id=7"},"modified":"2023-02-07T09:57:29","modified_gmt":"2023-02-07T08:57:29","slug":"strona-glowna","status":"publish","type":"page","link":"https:\/\/psp.pozytywneinicjatywy.pl\/bip\/","title":{"rendered":"Strona g\u0142\u00f3wna"},"content":{"rendered":"\n<h2 class=\"wp-block-heading\">Publiczna Szko\u0142a Podstawowa im. Arkadiusza Arama Rybickiego<\/h2>\n\n\n\n<p>ul. Azaliowa 18, 80-177 Gda\u0144sk<\/p>\n\n\n\n<p>www: psp.pozytywneinicjatywy.pl<\/p>\n\n\n\n<p>e-mail: azaliowa@pozytywneinicjatywy.pl<\/p>\n\n\n\n<p>tel. (58) 341-25-06<\/p>\n\n\n\n<p><strong>Sekretariat Uczniowski<\/strong>&nbsp;tel. (58) 341-25-06&nbsp;<\/p>\n\n\n\n<p>e-mail: azaliowa@pozytywneinicjatywy.pl&nbsp;<\/p>\n\n\n\n<p>Godziny otwarcia codziennie 7:00 -15:00<\/p>\n\n\n\n<p><strong>Sekretarz Szko\u0142y Anna Ruczy\u0144ska<\/strong>&nbsp;tel. (58) 341 25 06 wew. 106 tel. 604 420 063&nbsp;<\/p>\n\n\n\n<p>e-mail: a.ruczynska@pozytywneinicjatywy.pl&nbsp;<\/p>\n\n\n\n<p>Godziny otwarcia codziennie 8:00 -16:00<\/p>\n\n\n\n<p><strong>Dyrektor Szko\u0142y Sebastian Krawczyk<\/strong>&nbsp;tel. (58) 341 25 06 wew. 105&nbsp;<\/p>\n\n\n\n<p>Interesant\u00f3w w sprawach skarg i wniosk\u00f3w przyjmuje w poniedzia\u0142ek w godzinach 8:15-9:45<\/p>\n\n\n\n<p><strong>Pedagog\/Psycholog<\/strong>&nbsp;tel. (58) 341 25 06 wew. 125 tel. 539 111 857&nbsp;<\/p>\n\n\n\n<p>e-mail: pedagog@pozytywneinicjatywy.pl<\/p>\n\n\n\n<p><strong>Elektroniczna Skrzynka Podawcza<\/strong><\/p>\n\n\n\n<figure class=\"wp-block-table\"><table><tbody><tr><td>Za pomoc\u0105 Elektronicznej Skrzynki Podawczej (ESP) mo\u017cna za\u0142atwia\u0107 sprawy bez konieczno\u015bci osobistego stawiennictwa w szkole, o ile przepisy obowi\u0105zuj\u0105cego prawa nie stanowi\u0105 inaczej.<br>Elektroniczna Skrzynka Podawcza jednostki, zosta\u0142a za\u0142o\u017cona na platformie e-PUAP: www.epuap.gov.pl<br>Adres ESP (skrytki ePUAP) \/PozytywnaSzkola\/SkrytkaESP<br><a href=\"https:\/\/epuap.gov.pl\/wps\/portal\/strefa-klienta\/katalog-spraw\/profil-urzedu\/PozytywnaSzkola\">Elektroniczna skrzynka podawcza<\/a><br>W celu z\u0142o\u017cenia wniosku\/pisma do Pozytywnej Szko\u0142y Podstawowej w Gda\u0144sku konieczne jest posiadanie bezp\u0142atnego konta u\u017cytkownika na platformie ePUAP.\u00a0<br><br>Metody dostarczania dokument\u00f3w elektronicznych do Szko\u0142y:<br>Przekazanie dokumentu poprzez wypenienie formularza b\u0105d\u017a do\u0142\u0105czenie podpisanego dokumentu on-line na stronie Elektronicznego Urz\u0119du Podawczego;<br><br>Wymagania dla dokument\u00f3w elektronicznych dostarczanych do Urz\u0119du:<br>Dokumenty elektroniczne musz\u0105 by\u0107 podpisane wa\u017cnym, kwalifikowanym podpisem cyfrowym w formacie Xades-Bes lub profilem zaufanym.<br>Akceptowalne formaty za\u0142\u0105cznik\u00f3w to: DOC, RTF, XLS, CSV, TXT, GIF, TIF, BMP, JPG, PDF, ZIP.<br>Wielko\u015b\u0107 wszystkich za\u0142\u0105cznik\u00f3w do\u0142\u0105czonych do jednego formularza (dokumentu elektronicznego) nie mo\u017ce przekroczy\u0107 3MB.<br>Dokumenty lub no\u015bniki zawieraj\u0105ce oprogramowanie z\u0142o\u015bliwe b\u0119d\u0105 automatycznie odrzucane i nie zostan\u0105 rozpatrzone.<\/td><\/tr><\/tbody><\/table><\/figure>\n","protected":false},"excerpt":{"rendered":"<p>Publiczna Szko\u0142a Podstawowa im. Arkadiusza Arama Rybickiego ul. Azaliowa 18, 80-177 Gda\u0144sk www: psp.pozytywneinicjatywy.pl e-mail: azaliowa@pozytywneinicjatywy.pl tel. (58) 341-25-06 Sekretariat Uczniowski&nbsp;tel. (58) 341-25-06&nbsp; e-mail: azaliowa@pozytywneinicjatywy.pl&nbsp; Godziny otwarcia codziennie 7:00 -15:00 Sekretarz Szko\u0142y Anna Ruczy\u0144ska&nbsp;tel. (58) 341 25 06 wew. 106 tel. 604 420 063&nbsp; e-mail: a.ruczynska@pozytywneinicjatywy.pl&nbsp; Godziny otwarcia codziennie 8:00 -16:00 Dyrektor Szko\u0142y Sebastian Krawczyk&nbsp;tel. [&hellip;]<\/p>\n","protected":false},"author":1,"featured_media":0,"parent":0,"menu_order":0,"comment_status":"closed","ping_status":"closed","template":"","meta":{"footnotes":""},"class_list":["post-7","page","type-page","status-publish","hentry"],"_links":{"self":[{"href":"https:\/\/psp.pozytywneinicjatywy.pl\/bip\/index.php\/wp-json\/wp\/v2\/pages\/7","targetHints":{"allow":["GET"]}}],"collection":[{"href":"https:\/\/psp.pozytywneinicjatywy.pl\/bip\/index.php\/wp-json\/wp\/v2\/pages"}],"about":[{"href":"https:\/\/psp.pozytywneinicjatywy.pl\/bip\/index.php\/wp-json\/wp\/v2\/types\/page"}],"author":[{"embeddable":true,"href":"https:\/\/psp.pozytywneinicjatywy.pl\/bip\/index.php\/wp-json\/wp\/v2\/users\/1"}],"replies":[{"embeddable":true,"href":"https:\/\/psp.pozytywneinicjatywy.pl\/bip\/index.php\/wp-json\/wp\/v2\/comments?post=7"}],"version-history":[{"count":11,"href":"https:\/\/psp.pozytywneinicjatywy.pl\/bip\/index.php\/wp-json\/wp\/v2\/pages\/7\/revisions"}],"predecessor-version":[{"id":96,"href":"https:\/\/psp.pozytywneinicjatywy.pl\/bip\/index.php\/wp-json\/wp\/v2\/pages\/7\/revisions\/96"}],"wp:attachment":[{"href":"https:\/\/psp.pozytywneinicjatywy.pl\/bip\/index.php\/wp-json\/wp\/v2\/media?parent=7"}],"curies":[{"name":"wp","href":"https:\/\/api.w.org\/{rel}","templated":true}]}}