{"id":14,"date":"2022-04-12T20:05:21","date_gmt":"2022-04-12T18:05:21","guid":{"rendered":"https:\/\/psp.pozytywneinicjatywy.pl\/bip\/?page_id=14"},"modified":"2023-02-07T09:29:40","modified_gmt":"2023-02-07T08:29:40","slug":"dokumenty","status":"publish","type":"page","link":"https:\/\/psp.pozytywneinicjatywy.pl\/bip\/index.php\/dokumenty\/","title":{"rendered":"Dokumenty"},"content":{"rendered":"\n<hr class=\"wp-block-separator has-alpha-channel-opacity\" id=\"block-e2ca013a-f57c-4ffd-9fab-5c70557534c0\"\/>\n\n\n\n<p><a href=\"https:\/\/psp.pozytywneinicjatywy.pl\/bip\/wp-content\/uploads\/2023\/02\/STATUT_PSP_II_ver8_01.02.2023.pdf\" data-type=\"URL\" data-id=\"https:\/\/psp.pozytywneinicjatywy.pl\/bip\/wp-content\/uploads\/2023\/02\/STATUT_PSP_II_ver8_01.02.2023.pdf\">Statut<\/a><\/p>\n\n\n\n<p><a href=\"https:\/\/psp.pozytywneinicjatywy.pl\/bip\/wp-content\/uploads\/2022\/04\/2c.ZMIANA-ZEZWOLENIA-PMGDA-NA-ZALOZENIE-PSPGDA.pdf\">Zezwolenie Prezydenta Miasta Gda\u0144ska na za\u0142o\u017cenie szko\u0142y publicznej<\/a><\/p>\n\n\n\n<p>\ufeff<\/p>\n","protected":false},"excerpt":{"rendered":"<p>Statut Zezwolenie Prezydenta Miasta Gda\u0144ska na za\u0142o\u017cenie szko\u0142y publicznej \ufeff<\/p>\n","protected":false},"author":1,"featured_media":0,"parent":0,"menu_order":0,"comment_status":"closed","ping_status":"closed","template":"","meta":{"footnotes":""},"class_list":["post-14","page","type-page","status-publish","hentry"],"_links":{"self":[{"href":"https:\/\/psp.pozytywneinicjatywy.pl\/bip\/index.php\/wp-json\/wp\/v2\/pages\/14","targetHints":{"allow":["GET"]}}],"collection":[{"href":"https:\/\/psp.pozytywneinicjatywy.pl\/bip\/index.php\/wp-json\/wp\/v2\/pages"}],"about":[{"href":"https:\/\/psp.pozytywneinicjatywy.pl\/bip\/index.php\/wp-json\/wp\/v2\/types\/page"}],"author":[{"embeddable":true,"href":"https:\/\/psp.pozytywneinicjatywy.pl\/bip\/index.php\/wp-json\/wp\/v2\/users\/1"}],"replies":[{"embeddable":true,"href":"https:\/\/psp.pozytywneinicjatywy.pl\/bip\/index.php\/wp-json\/wp\/v2\/comments?post=14"}],"version-history":[{"count":4,"href":"https:\/\/psp.pozytywneinicjatywy.pl\/bip\/index.php\/wp-json\/wp\/v2\/pages\/14\/revisions"}],"predecessor-version":[{"id":91,"href":"https:\/\/psp.pozytywneinicjatywy.pl\/bip\/index.php\/wp-json\/wp\/v2\/pages\/14\/revisions\/91"}],"wp:attachment":[{"href":"https:\/\/psp.pozytywneinicjatywy.pl\/bip\/index.php\/wp-json\/wp\/v2\/media?parent=14"}],"curies":[{"name":"wp","href":"https:\/\/api.w.org\/{rel}","templated":true}]}}